{"id":186,"date":"2026-04-03T22:22:24","date_gmt":"2026-04-04T01:22:24","guid":{"rendered":"https:\/\/turismoreal.com\/?page_id=186"},"modified":"2026-04-03T22:24:32","modified_gmt":"2026-04-04T01:24:32","slug":"about-us","status":"publish","type":"page","link":"https:\/\/turismoreal.com\/es\/about-us\/","title":{"rendered":"About us"},"content":{"rendered":"<div data-elementor-type=\"wp-page\" data-elementor-id=\"186\" class=\"elementor elementor-186\" data-elementor-post-type=\"page\">\n\t\t\t\t<div class=\"elementor-element elementor-element-e2eb742 e-flex e-con-boxed e-con e-parent\" data-id=\"e2eb742\" data-element_type=\"container\" data-e-type=\"container\">\n\t\t\t\t\t<div class=\"e-con-inner\">\n\t\t\t\t<div class=\"elementor-element elementor-element-6c9e0d7 elementor-widget elementor-widget-text-editor\" data-id=\"6c9e0d7\" data-element_type=\"widget\" data-e-type=\"widget\" data-widget_type=\"text-editor.default\">\n\t\t\t\t\t\t\t\t\t<p data-path-to-node=\"6\">Meu nome \u00e9 Gabriel Oliveira, sou <b data-path-to-node=\"6\" data-index-in-node=\"27\">Web Designer<\/b> e apaixonado por desbravar o Brasil (abaixo mostro algumas viagens que fiz). O Turismo Real n\u00e3o nasceu apenas como um blog de viagens, mas como um projeto de hospitalidade digital.<\/p><p data-path-to-node=\"7\">Depois de viajar por diversas regi\u00f5es do pa\u00eds e vivenciar a riqueza cultural e natural do nosso territ\u00f3rio, percebi que o turista estrangeiro muitas vezes fica restrito ao \u00f3bvio. Minha miss\u00e3o aqui \u00e9 clara: <b data-path-to-node=\"7\" data-index-in-node=\"206\">servir de ponte para viajantes de l\u00edngua inglesa e espanhola<\/b>, apresentando o Brasil \u2014 e especialmente o meu <b data-path-to-node=\"7\" data-index-in-node=\"314\">Nordeste<\/b> \u2014 de uma forma visualmente impec\u00e1vel, t\u00e9cnica e, acima de tudo, verdadeira.<\/p><p data-path-to-node=\"9\">Unindo minha expertise em design com a experi\u00eancia de quem vive e viaja pelo Brasil, o Turismo Real foca em:<\/p><ul data-path-to-node=\"10\"><li><p data-path-to-node=\"10,0,0\"><b data-path-to-node=\"10,0,0\" data-index-in-node=\"0\">Design a Servi\u00e7o do Viajante:<\/b> Acredito que a informa\u00e7\u00e3o deve ser f\u00e1cil de encontrar e agrad\u00e1vel de ler. Como designer, estruturo nossos roteiros para que sua \u00fanica preocupa\u00e7\u00e3o seja fazer as malas.<\/p><\/li><li><p data-path-to-node=\"10,1,0\"><b data-path-to-node=\"10,1,0\" data-index-in-node=\"0\">Foco no Nordeste:<\/b> Como local, quero mostrar que o Nordeste brasileiro vai muito al\u00e9m das praias de cart\u00e3o-postal. Trago dicas de log\u00edstica, cultura e seguran\u00e7a que s\u00f3 quem conhece o terreno pode oferecer.<\/p><\/li><li><p data-path-to-node=\"10,2,0\"><b data-path-to-node=\"10,2,0\" data-index-in-node=\"0\">Conte\u00fado Multilingue e Global:<\/b> O projeto foi desenhado para eliminar barreiras. Queremos que americanos, europeus e nossos vizinhos latinos descubram o &#8220;Brasil Real&#8221; com a confian\u00e7a de quem tem um guia especializado na palma da m\u00e3o.<\/p><\/li><\/ul><h3 data-path-to-node=\"11\">Minha Vis\u00e3o<\/h3><p data-path-to-node=\"12\">Quero elevar o padr\u00e3o de como o turismo brasileiro \u00e9 apresentado ao mundo. Cada artigo, mapa e fotografia aqui \u00e9 pensado para transformar o desejo de viajar em uma execu\u00e7\u00e3o perfeita, valorizando a economia local e a beleza \u00fanica da nossa regi\u00e3o.<\/p><div id=\"professor_prebid-root\">\u00a0<\/div><div id=\"professor_prebid-root\">\u00a0<\/div>\t\t\t\t\t\t\t\t<\/div>\n\t\t\t\t<div class=\"elementor-element elementor-element-a6b474d elementor-widget elementor-widget-gallery\" data-id=\"a6b474d\" data-element_type=\"widget\" data-e-type=\"widget\" data-settings=\"{&quot;gallery_layout&quot;:&quot;masonry&quot;,&quot;lazyload&quot;:&quot;yes&quot;,&quot;columns&quot;:4,&quot;columns_tablet&quot;:2,&quot;columns_mobile&quot;:1,&quot;gap&quot;:{&quot;unit&quot;:&quot;px&quot;,&quot;size&quot;:10,&quot;sizes&quot;:[]},&quot;gap_tablet&quot;:{&quot;unit&quot;:&quot;px&quot;,&quot;size&quot;:10,&quot;sizes&quot;:[]},&quot;gap_mobile&quot;:{&quot;unit&quot;:&quot;px&quot;,&quot;size&quot;:10,&quot;sizes&quot;:[]},&quot;link_to&quot;:&quot;file&quot;,&quot;overlay_background&quot;:&quot;yes&quot;,&quot;content_hover_animation&quot;:&quot;fade-in&quot;}\" data-widget_type=\"gallery.default\">\n\t\t\t\t\t\t\t<div class=\"elementor-gallery__container\">\n\t\t\t\t\t\t\t<a class=\"e-gallery-item elementor-gallery-item elementor-animated-content\" href=\"https:\/\/turismoreal.com\/wp-content\/uploads\/2026\/04\/IMG-20240930-WA0069-scaled.jpg\" data-elementor-open-lightbox=\"yes\" data-elementor-lightbox-slideshow=\"a6b474d\" data-elementor-lightbox-title=\"IMG-20240930-WA0069\" data-e-action-hash=\"#elementor-action%3Aaction%3Dlightbox%26settings%3DeyJpZCI6MTg3LCJ1cmwiOiJodHRwczpcL1wvdHVyaXNtb3JlYWwuY29tXC93cC1jb250ZW50XC91cGxvYWRzXC8yMDI2XC8wNFwvSU1HLTIwMjQwOTMwLVdBMDA2OS1zY2FsZWQuanBnIiwic2xpZGVzaG93IjoiYTZiNDc0ZCJ9\">\n\t\t\t\t\t<div class=\"e-gallery-image elementor-gallery-item__image\" data-thumbnail=\"https:\/\/turismoreal.com\/wp-content\/uploads\/2026\/04\/IMG-20240930-WA0069-300x225.jpg\" data-width=\"300\" data-height=\"225\" aria-label=\"\" role=\"img\" ><\/div>\n\t\t\t\t\t\t\t\t\t\t\t<div class=\"elementor-gallery-item__overlay\"><\/div>\n\t\t\t\t\t\t\t\t\t\t\t\t\t\t<\/a>\n\t\t\t\t\t\t\t<a class=\"e-gallery-item elementor-gallery-item elementor-animated-content\" href=\"https:\/\/turismoreal.com\/wp-content\/uploads\/2026\/04\/Screenshot_20240605_201110_Photos.png\" data-elementor-open-lightbox=\"yes\" data-elementor-lightbox-slideshow=\"a6b474d\" data-elementor-lightbox-title=\"Screenshot_20240605_201110_Photos\" data-e-action-hash=\"#elementor-action%3Aaction%3Dlightbox%26settings%3DeyJpZCI6MTg4LCJ1cmwiOiJodHRwczpcL1wvdHVyaXNtb3JlYWwuY29tXC93cC1jb250ZW50XC91cGxvYWRzXC8yMDI2XC8wNFwvU2NyZWVuc2hvdF8yMDI0MDYwNV8yMDExMTBfUGhvdG9zLnBuZyIsInNsaWRlc2hvdyI6ImE2YjQ3NGQifQ%3D%3D\">\n\t\t\t\t\t<div class=\"e-gallery-image elementor-gallery-item__image\" data-thumbnail=\"https:\/\/turismoreal.com\/wp-content\/uploads\/2026\/04\/Screenshot_20240605_201110_Photos-169x300.png\" data-width=\"169\" data-height=\"300\" aria-label=\"\" role=\"img\" ><\/div>\n\t\t\t\t\t\t\t\t\t\t\t<div class=\"elementor-gallery-item__overlay\"><\/div>\n\t\t\t\t\t\t\t\t\t\t\t\t\t\t<\/a>\n\t\t\t\t\t\t\t<a class=\"e-gallery-item elementor-gallery-item elementor-animated-content\" href=\"https:\/\/turismoreal.com\/wp-content\/uploads\/2026\/04\/20231230_092452-rotated.jpg\" data-elementor-open-lightbox=\"yes\" data-elementor-lightbox-slideshow=\"a6b474d\" data-elementor-lightbox-title=\"20231230_092452\" data-e-action-hash=\"#elementor-action%3Aaction%3Dlightbox%26settings%3DeyJpZCI6MTg5LCJ1cmwiOiJodHRwczpcL1wvdHVyaXNtb3JlYWwuY29tXC93cC1jb250ZW50XC91cGxvYWRzXC8yMDI2XC8wNFwvMjAyMzEyMzBfMDkyNDUyLXJvdGF0ZWQuanBnIiwic2xpZGVzaG93IjoiYTZiNDc0ZCJ9\">\n\t\t\t\t\t<div class=\"e-gallery-image elementor-gallery-item__image\" data-thumbnail=\"https:\/\/turismoreal.com\/wp-content\/uploads\/2026\/04\/20231230_092452-225x300.jpg\" data-width=\"225\" data-height=\"300\" aria-label=\"\" role=\"img\" ><\/div>\n\t\t\t\t\t\t\t\t\t\t\t<div class=\"elementor-gallery-item__overlay\"><\/div>\n\t\t\t\t\t\t\t\t\t\t\t\t\t\t<\/a>\n\t\t\t\t\t\t\t<a class=\"e-gallery-item elementor-gallery-item elementor-animated-content\" href=\"https:\/\/turismoreal.com\/wp-content\/uploads\/2026\/04\/IMG-20190803-WA0016.jpg\" data-elementor-open-lightbox=\"yes\" data-elementor-lightbox-slideshow=\"a6b474d\" data-elementor-lightbox-title=\"IMG-20190803-WA0016\" data-e-action-hash=\"#elementor-action%3Aaction%3Dlightbox%26settings%3DeyJpZCI6MTkwLCJ1cmwiOiJodHRwczpcL1wvdHVyaXNtb3JlYWwuY29tXC93cC1jb250ZW50XC91cGxvYWRzXC8yMDI2XC8wNFwvSU1HLTIwMTkwODAzLVdBMDAxNi5qcGciLCJzbGlkZXNob3ciOiJhNmI0NzRkIn0%3D\">\n\t\t\t\t\t<div class=\"e-gallery-image elementor-gallery-item__image\" data-thumbnail=\"https:\/\/turismoreal.com\/wp-content\/uploads\/2026\/04\/IMG-20190803-WA0016-300x169.jpg\" data-width=\"300\" data-height=\"169\" aria-label=\"\" role=\"img\" ><\/div>\n\t\t\t\t\t\t\t\t\t\t\t<div class=\"elementor-gallery-item__overlay\"><\/div>\n\t\t\t\t\t\t\t\t\t\t\t\t\t\t<\/a>\n\t\t\t\t\t\t\t<a class=\"e-gallery-item elementor-gallery-item elementor-animated-content\" href=\"https:\/\/turismoreal.com\/wp-content\/uploads\/2026\/04\/IMG-20180311-WA0020.jpg\" data-elementor-open-lightbox=\"yes\" data-elementor-lightbox-slideshow=\"a6b474d\" data-elementor-lightbox-title=\"IMG-20180311-WA0020\" data-e-action-hash=\"#elementor-action%3Aaction%3Dlightbox%26settings%3DeyJpZCI6MTkxLCJ1cmwiOiJodHRwczpcL1wvdHVyaXNtb3JlYWwuY29tXC93cC1jb250ZW50XC91cGxvYWRzXC8yMDI2XC8wNFwvSU1HLTIwMTgwMzExLVdBMDAyMC5qcGciLCJzbGlkZXNob3ciOiJhNmI0NzRkIn0%3D\">\n\t\t\t\t\t<div class=\"e-gallery-image elementor-gallery-item__image\" data-thumbnail=\"https:\/\/turismoreal.com\/wp-content\/uploads\/2026\/04\/IMG-20180311-WA0020-225x300.jpg\" data-width=\"225\" data-height=\"300\" aria-label=\"\" role=\"img\" ><\/div>\n\t\t\t\t\t\t\t\t\t\t\t<div class=\"elementor-gallery-item__overlay\"><\/div>\n\t\t\t\t\t\t\t\t\t\t\t\t\t\t<\/a>\n\t\t\t\t\t\t\t<a class=\"e-gallery-item elementor-gallery-item elementor-animated-content\" href=\"https:\/\/turismoreal.com\/wp-content\/uploads\/2026\/04\/IMG-20180612-WA0074.jpg\" data-elementor-open-lightbox=\"yes\" data-elementor-lightbox-slideshow=\"a6b474d\" data-elementor-lightbox-title=\"IMG-20180612-WA0074\" data-e-action-hash=\"#elementor-action%3Aaction%3Dlightbox%26settings%3DeyJpZCI6MTkyLCJ1cmwiOiJodHRwczpcL1wvdHVyaXNtb3JlYWwuY29tXC93cC1jb250ZW50XC91cGxvYWRzXC8yMDI2XC8wNFwvSU1HLTIwMTgwNjEyLVdBMDA3NC5qcGciLCJzbGlkZXNob3ciOiJhNmI0NzRkIn0%3D\">\n\t\t\t\t\t<div class=\"e-gallery-image elementor-gallery-item__image\" data-thumbnail=\"https:\/\/turismoreal.com\/wp-content\/uploads\/2026\/04\/IMG-20180612-WA0074-225x300.jpg\" data-width=\"225\" data-height=\"300\" aria-label=\"\" role=\"img\" ><\/div>\n\t\t\t\t\t\t\t\t\t\t\t<div class=\"elementor-gallery-item__overlay\"><\/div>\n\t\t\t\t\t\t\t\t\t\t\t\t\t\t<\/a>\n\t\t\t\t\t\t\t<a class=\"e-gallery-item elementor-gallery-item elementor-animated-content\" href=\"https:\/\/turismoreal.com\/wp-content\/uploads\/2026\/04\/20241215_084834-scaled.jpg\" data-elementor-open-lightbox=\"yes\" data-elementor-lightbox-slideshow=\"a6b474d\" data-elementor-lightbox-title=\"20241215_084834\" data-e-action-hash=\"#elementor-action%3Aaction%3Dlightbox%26settings%3DeyJpZCI6MTkzLCJ1cmwiOiJodHRwczpcL1wvdHVyaXNtb3JlYWwuY29tXC93cC1jb250ZW50XC91cGxvYWRzXC8yMDI2XC8wNFwvMjAyNDEyMTVfMDg0ODM0LXNjYWxlZC5qcGciLCJzbGlkZXNob3ciOiJhNmI0NzRkIn0%3D\">\n\t\t\t\t\t<div class=\"e-gallery-image elementor-gallery-item__image\" data-thumbnail=\"https:\/\/turismoreal.com\/wp-content\/uploads\/2026\/04\/20241215_084834-300x169.jpg\" data-width=\"300\" data-height=\"169\" aria-label=\"\" role=\"img\" ><\/div>\n\t\t\t\t\t\t\t\t\t\t\t<div class=\"elementor-gallery-item__overlay\"><\/div>\n\t\t\t\t\t\t\t\t\t\t\t\t\t\t<\/a>\n\t\t\t\t\t<\/div>\n\t\t\t\t\t<\/div>\n\t\t\t\t\t<\/div>\n\t\t\t\t<\/div>\n\t\t\t\t<\/div>","protected":false},"excerpt":{"rendered":"<p>Meu nome \u00e9 Gabriel Oliveira, sou Web Designer e apaixonado por desbravar o Brasil (abaixo mostro algumas viagens que fiz). O Turismo Real n\u00e3o nasceu apenas como um blog de viagens, mas como um projeto de hospitalidade digital. Depois de viajar por diversas regi\u00f5es do pa\u00eds e vivenciar a riqueza cultural e natural do nosso [&hellip;]<\/p>\n","protected":false},"author":1,"featured_media":0,"parent":0,"menu_order":0,"comment_status":"closed","ping_status":"closed","template":"elementor_header_footer","meta":{"footnotes":""},"folder":[],"class_list":["post-186","page","type-page","status-publish","hentry"],"yoast_head":"<!-- This site is optimized with the Yoast SEO plugin v27.4 - https:\/\/yoast.com\/product\/yoast-seo-wordpress\/ -->\n<title>About us - Turismo Real<\/title>\n<meta name=\"robots\" content=\"index, follow, max-snippet:-1, max-image-preview:large, max-video-preview:-1\" \/>\n<link rel=\"canonical\" href=\"https:\/\/turismoreal.com\/es\/about-us\/\" \/>\n<meta property=\"og:locale\" content=\"es_MX\" \/>\n<meta property=\"og:type\" content=\"article\" \/>\n<meta property=\"og:title\" content=\"About us - Turismo Real\" \/>\n<meta property=\"og:description\" content=\"Meu nome \u00e9 Gabriel Oliveira, sou Web Designer e apaixonado por desbravar o Brasil (abaixo mostro algumas viagens que fiz). O Turismo Real n\u00e3o nasceu apenas como um blog de viagens, mas como um projeto de hospitalidade digital. Depois de viajar por diversas regi\u00f5es do pa\u00eds e vivenciar a riqueza cultural e natural do nosso [&hellip;]\" \/>\n<meta property=\"og:url\" content=\"https:\/\/turismoreal.com\/es\/about-us\/\" \/>\n<meta property=\"og:site_name\" content=\"Turismo Real\" \/>\n<meta property=\"article:modified_time\" content=\"2026-04-04T01:24:32+00:00\" \/>\n<meta name=\"twitter:card\" content=\"summary_large_image\" \/>\n<meta name=\"twitter:label1\" content=\"Tiempo de lectura\" \/>\n\t<meta name=\"twitter:data1\" content=\"2 minutos\" \/>\n<script type=\"application\/ld+json\" class=\"yoast-schema-graph\">{\"@context\":\"https:\\\/\\\/schema.org\",\"@graph\":[{\"@type\":\"WebPage\",\"@id\":\"https:\\\/\\\/turismoreal.com\\\/about-us\\\/\",\"url\":\"https:\\\/\\\/turismoreal.com\\\/about-us\\\/\",\"name\":\"About us - Turismo Real\",\"isPartOf\":{\"@id\":\"https:\\\/\\\/turismoreal.com\\\/#website\"},\"datePublished\":\"2026-04-04T01:22:24+00:00\",\"dateModified\":\"2026-04-04T01:24:32+00:00\",\"breadcrumb\":{\"@id\":\"https:\\\/\\\/turismoreal.com\\\/about-us\\\/#breadcrumb\"},\"inLanguage\":\"es\",\"potentialAction\":[{\"@type\":\"ReadAction\",\"target\":[\"https:\\\/\\\/turismoreal.com\\\/about-us\\\/\"]}]},{\"@type\":\"BreadcrumbList\",\"@id\":\"https:\\\/\\\/turismoreal.com\\\/about-us\\\/#breadcrumb\",\"itemListElement\":[{\"@type\":\"ListItem\",\"position\":1,\"name\":\"In\u00edcio\",\"item\":\"https:\\\/\\\/turismoreal.com\\\/\"},{\"@type\":\"ListItem\",\"position\":2,\"name\":\"About us\"}]},{\"@type\":\"WebSite\",\"@id\":\"https:\\\/\\\/turismoreal.com\\\/#website\",\"url\":\"https:\\\/\\\/turismoreal.com\\\/\",\"name\":\"Turismo Real\",\"description\":\"\",\"publisher\":{\"@id\":\"https:\\\/\\\/turismoreal.com\\\/#organization\"},\"potentialAction\":[{\"@type\":\"SearchAction\",\"target\":{\"@type\":\"EntryPoint\",\"urlTemplate\":\"https:\\\/\\\/turismoreal.com\\\/?s={search_term_string}\"},\"query-input\":{\"@type\":\"PropertyValueSpecification\",\"valueRequired\":true,\"valueName\":\"search_term_string\"}}],\"inLanguage\":\"es\"},{\"@type\":\"Organization\",\"@id\":\"https:\\\/\\\/turismoreal.com\\\/#organization\",\"name\":\"Turismo Real\",\"url\":\"https:\\\/\\\/turismoreal.com\\\/\",\"logo\":{\"@type\":\"ImageObject\",\"inLanguage\":\"es\",\"@id\":\"https:\\\/\\\/turismoreal.com\\\/#\\\/schema\\\/logo\\\/image\\\/\",\"url\":\"https:\\\/\\\/turismoreal.com\\\/wp-content\\\/uploads\\\/2026\\\/03\\\/Logo-Turismo-Real-3.png\",\"contentUrl\":\"https:\\\/\\\/turismoreal.com\\\/wp-content\\\/uploads\\\/2026\\\/03\\\/Logo-Turismo-Real-3.png\",\"width\":910,\"height\":165,\"caption\":\"Turismo Real\"},\"image\":{\"@id\":\"https:\\\/\\\/turismoreal.com\\\/#\\\/schema\\\/logo\\\/image\\\/\"}}]}<\/script>\n<!-- \/ Yoast SEO plugin. -->","yoast_head_json":{"title":"About us - Turismo Real","robots":{"index":"index","follow":"follow","max-snippet":"max-snippet:-1","max-image-preview":"max-image-preview:large","max-video-preview":"max-video-preview:-1"},"canonical":"https:\/\/turismoreal.com\/es\/about-us\/","og_locale":"es_MX","og_type":"article","og_title":"About us - Turismo Real","og_description":"Meu nome \u00e9 Gabriel Oliveira, sou Web Designer e apaixonado por desbravar o Brasil (abaixo mostro algumas viagens que fiz). O Turismo Real n\u00e3o nasceu apenas como um blog de viagens, mas como um projeto de hospitalidade digital. Depois de viajar por diversas regi\u00f5es do pa\u00eds e vivenciar a riqueza cultural e natural do nosso [&hellip;]","og_url":"https:\/\/turismoreal.com\/es\/about-us\/","og_site_name":"Turismo Real","article_modified_time":"2026-04-04T01:24:32+00:00","twitter_card":"summary_large_image","twitter_misc":{"Tiempo de lectura":"2 minutos"},"schema":{"@context":"https:\/\/schema.org","@graph":[{"@type":"WebPage","@id":"https:\/\/turismoreal.com\/about-us\/","url":"https:\/\/turismoreal.com\/about-us\/","name":"About us - Turismo Real","isPartOf":{"@id":"https:\/\/turismoreal.com\/#website"},"datePublished":"2026-04-04T01:22:24+00:00","dateModified":"2026-04-04T01:24:32+00:00","breadcrumb":{"@id":"https:\/\/turismoreal.com\/about-us\/#breadcrumb"},"inLanguage":"es","potentialAction":[{"@type":"ReadAction","target":["https:\/\/turismoreal.com\/about-us\/"]}]},{"@type":"BreadcrumbList","@id":"https:\/\/turismoreal.com\/about-us\/#breadcrumb","itemListElement":[{"@type":"ListItem","position":1,"name":"In\u00edcio","item":"https:\/\/turismoreal.com\/"},{"@type":"ListItem","position":2,"name":"About us"}]},{"@type":"WebSite","@id":"https:\/\/turismoreal.com\/#website","url":"https:\/\/turismoreal.com\/","name":"Turismo Real","description":"","publisher":{"@id":"https:\/\/turismoreal.com\/#organization"},"potentialAction":[{"@type":"SearchAction","target":{"@type":"EntryPoint","urlTemplate":"https:\/\/turismoreal.com\/?s={search_term_string}"},"query-input":{"@type":"PropertyValueSpecification","valueRequired":true,"valueName":"search_term_string"}}],"inLanguage":"es"},{"@type":"Organization","@id":"https:\/\/turismoreal.com\/#organization","name":"Turismo Real","url":"https:\/\/turismoreal.com\/","logo":{"@type":"ImageObject","inLanguage":"es","@id":"https:\/\/turismoreal.com\/#\/schema\/logo\/image\/","url":"https:\/\/turismoreal.com\/wp-content\/uploads\/2026\/03\/Logo-Turismo-Real-3.png","contentUrl":"https:\/\/turismoreal.com\/wp-content\/uploads\/2026\/03\/Logo-Turismo-Real-3.png","width":910,"height":165,"caption":"Turismo Real"},"image":{"@id":"https:\/\/turismoreal.com\/#\/schema\/logo\/image\/"}}]}},"_links":{"self":[{"href":"https:\/\/turismoreal.com\/es\/wp-json\/wp\/v2\/pages\/186","targetHints":{"allow":["GET"]}}],"collection":[{"href":"https:\/\/turismoreal.com\/es\/wp-json\/wp\/v2\/pages"}],"about":[{"href":"https:\/\/turismoreal.com\/es\/wp-json\/wp\/v2\/types\/page"}],"author":[{"embeddable":true,"href":"https:\/\/turismoreal.com\/es\/wp-json\/wp\/v2\/users\/1"}],"replies":[{"embeddable":true,"href":"https:\/\/turismoreal.com\/es\/wp-json\/wp\/v2\/comments?post=186"}],"version-history":[{"count":6,"href":"https:\/\/turismoreal.com\/es\/wp-json\/wp\/v2\/pages\/186\/revisions"}],"predecessor-version":[{"id":199,"href":"https:\/\/turismoreal.com\/es\/wp-json\/wp\/v2\/pages\/186\/revisions\/199"}],"wp:attachment":[{"href":"https:\/\/turismoreal.com\/es\/wp-json\/wp\/v2\/media?parent=186"}],"wp:term":[{"taxonomy":"folder","embeddable":true,"href":"https:\/\/turismoreal.com\/es\/wp-json\/wp\/v2\/folder?post=186"}],"curies":[{"name":"wp","href":"https:\/\/api.w.org\/{rel}","templated":true}]}}